{"id":643,"date":"2025-03-15T20:48:17","date_gmt":"2025-03-15T20:48:17","guid":{"rendered":"https:\/\/kgamuhendislik.com\/?page_id=643"},"modified":"2025-03-15T20:52:32","modified_gmt":"2025-03-15T20:52:32","slug":"proje-destegi","status":"publish","type":"page","link":"https:\/\/kgamuhendislik.com\/?page_id=643","title":{"rendered":"Proje Deste\u011fi"},"content":{"rendered":"\t\t<div data-elementor-type=\"wp-page\" data-elementor-id=\"643\" class=\"elementor elementor-643\">\n\t\t\t\t<div class=\"elementor-element elementor-element-9b81b62 e-flex e-con-boxed e-con e-parent\" data-id=\"9b81b62\" data-element_type=\"container\">\n\t\t\t\t\t<div class=\"e-con-inner\">\n\t\t\t\t<div class=\"elementor-element elementor-element-f617467 elementor-widget elementor-widget-heading\" data-id=\"f617467\" data-element_type=\"widget\" data-widget_type=\"heading.default\">\n\t\t\t\t<div class=\"elementor-widget-container\">\n\t\t\t\t\t<h2 class=\"elementor-heading-title elementor-size-default\">Kapsaml\u0131 Proje Deste\u011fi ile Yenilenebilir Enerji \u00c7\u00f6z\u00fcmleri<\/h2>\t\t\t\t<\/div>\n\t\t\t\t<\/div>\n\t\t\t\t<div class=\"elementor-element elementor-element-639903b elementor-widget elementor-widget-text-editor\" data-id=\"639903b\" data-element_type=\"widget\" data-widget_type=\"text-editor.default\">\n\t\t\t\t<div class=\"elementor-widget-container\">\n\t\t\t\t\t\t\t\t\t<p>KGA Solar ve Enerji, yenilenebilir enerji projelerinizde ba\u015ftan sona kapsaml\u0131 destek sa\u011flayarak, s\u00fcrd\u00fcr\u00fclebilir ve verimli enerji \u00e7\u00f6z\u00fcmlerinin hayata ge\u00e7irilmesini kolayla\u015ft\u0131r\u0131r. Deneyimli ekibimiz, projenin her a\u015famas\u0131nda sizlere rehberlik eder ve yenilenebilir enerji yat\u0131r\u0131mlar\u0131n\u0131z\u0131n ba\u015far\u0131s\u0131n\u0131 maksimize eder.<\/p>\t\t\t\t\t\t\t\t<\/div>\n\t\t\t\t<\/div>\n\t\t\t\t<div class=\"elementor-element elementor-element-8637084 elementor-widget elementor-widget-image\" data-id=\"8637084\" data-element_type=\"widget\" data-widget_type=\"image.default\">\n\t\t\t\t<div class=\"elementor-widget-container\">\n\t\t\t\t\t\t\t\t\t\t\t\t\t\t\t<img fetchpriority=\"high\" decoding=\"async\" width=\"1024\" height=\"553\" src=\"https:\/\/kgamuhendislik.com\/wp-content\/uploads\/2025\/03\/www.karacadag.org_.tr_1_proje-uygulama_BV8L08CWHDBF-1024x553.jpg\" class=\"attachment-large size-large wp-image-645\" alt=\"\" srcset=\"https:\/\/kgamuhendislik.com\/wp-content\/uploads\/2025\/03\/www.karacadag.org_.tr_1_proje-uygulama_BV8L08CWHDBF-1024x553.jpg 1024w, https:\/\/kgamuhendislik.com\/wp-content\/uploads\/2025\/03\/www.karacadag.org_.tr_1_proje-uygulama_BV8L08CWHDBF-300x162.jpg 300w, https:\/\/kgamuhendislik.com\/wp-content\/uploads\/2025\/03\/www.karacadag.org_.tr_1_proje-uygulama_BV8L08CWHDBF-768x415.jpg 768w, https:\/\/kgamuhendislik.com\/wp-content\/uploads\/2025\/03\/www.karacadag.org_.tr_1_proje-uygulama_BV8L08CWHDBF-1536x829.jpg 1536w, https:\/\/kgamuhendislik.com\/wp-content\/uploads\/2025\/03\/www.karacadag.org_.tr_1_proje-uygulama_BV8L08CWHDBF-24x13.jpg 24w, https:\/\/kgamuhendislik.com\/wp-content\/uploads\/2025\/03\/www.karacadag.org_.tr_1_proje-uygulama_BV8L08CWHDBF-36x19.jpg 36w, https:\/\/kgamuhendislik.com\/wp-content\/uploads\/2025\/03\/www.karacadag.org_.tr_1_proje-uygulama_BV8L08CWHDBF-48x26.jpg 48w, https:\/\/kgamuhendislik.com\/wp-content\/uploads\/2025\/03\/www.karacadag.org_.tr_1_proje-uygulama_BV8L08CWHDBF-600x324.jpg 600w, https:\/\/kgamuhendislik.com\/wp-content\/uploads\/2025\/03\/www.karacadag.org_.tr_1_proje-uygulama_BV8L08CWHDBF.jpg 2000w\" sizes=\"(max-width: 1024px) 100vw, 1024px\" \/>\t\t\t\t\t\t\t\t\t\t\t\t\t\t\t<\/div>\n\t\t\t\t<\/div>\n\t\t\t\t\t<\/div>\n\t\t\t\t<\/div>\n\t\t<div class=\"elementor-element elementor-element-cde0fdd e-flex e-con-boxed e-con e-parent\" data-id=\"cde0fdd\" data-element_type=\"container\">\n\t\t\t\t\t<div class=\"e-con-inner\">\n\t\t<div class=\"elementor-element elementor-element-527f759 e-con-full e-flex e-con e-child\" data-id=\"527f759\" data-element_type=\"container\">\n\t\t\t\t<div class=\"elementor-element elementor-element-3058f2b elementor-widget elementor-widget-heading\" data-id=\"3058f2b\" data-element_type=\"widget\" data-widget_type=\"heading.default\">\n\t\t\t\t<div class=\"elementor-widget-container\">\n\t\t\t\t\t<h2 class=\"elementor-heading-title elementor-size-default\">Proje Planlama ve Dan\u0131\u015fmanl\u0131k Hizmetleri<\/h2>\t\t\t\t<\/div>\n\t\t\t\t<\/div>\n\t\t\t\t<div class=\"elementor-element elementor-element-ee48fdc elementor-widget elementor-widget-text-editor\" data-id=\"ee48fdc\" data-element_type=\"widget\" data-widget_type=\"text-editor.default\">\n\t\t\t\t<div class=\"elementor-widget-container\">\n\t\t\t\t\t\t\t\t\t<p>Ba\u015far\u0131l\u0131 bir yenilenebilir enerji projesinin temeli, etkili bir planlama ve dan\u0131\u015fmanl\u0131k s\u00fcrecinden ge\u00e7er. KGA Solar ve Enerji, piyasa analizlerinden, maliyet hesaplamalar\u0131na, teknik \u00e7izimlerden, izin s\u00fcre\u00e7lerine kadar geni\u015f bir yelpazede dan\u0131\u015fmanl\u0131k hizmetleri sunar. Amac\u0131m\u0131z, projenizin her detay\u0131n\u0131 en ince ayr\u0131nt\u0131s\u0131na kadar planlamak ve en iyi sonu\u00e7lar\u0131 elde etmenize yard\u0131mc\u0131 olmakt\u0131r.<\/p>\t\t\t\t\t\t\t\t<\/div>\n\t\t\t\t<\/div>\n\t\t\t\t<\/div>\n\t\t<div class=\"elementor-element elementor-element-efbdc6e e-con-full e-flex e-con e-child\" data-id=\"efbdc6e\" data-element_type=\"container\">\n\t\t\t\t<div class=\"elementor-element elementor-element-0355433 elementor-widget elementor-widget-heading\" data-id=\"0355433\" data-element_type=\"widget\" data-widget_type=\"heading.default\">\n\t\t\t\t<div class=\"elementor-widget-container\">\n\t\t\t\t\t<h2 class=\"elementor-heading-title elementor-size-default\">Finansman ve Hibeler<\/h2>\t\t\t\t<\/div>\n\t\t\t\t<\/div>\n\t\t\t\t<div class=\"elementor-element elementor-element-23adbc8 elementor-widget elementor-widget-text-editor\" data-id=\"23adbc8\" data-element_type=\"widget\" data-widget_type=\"text-editor.default\">\n\t\t\t\t<div class=\"elementor-widget-container\">\n\t\t\t\t\t\t\t\t\t<p>Yenilenebilir enerji projelerinin finansman\u0131, bir\u00e7ok yat\u0131r\u0131mc\u0131n\u0131n kar\u015f\u0131la\u015ft\u0131\u011f\u0131 \u00f6nemli bir engeldir. KGA Solar ve Enerji, projenizin finansman\u0131 i\u00e7in \u00e7e\u015fitli hibe ve destek programlar\u0131na eri\u015fim konusunda yard\u0131mc\u0131 olur. Ayr\u0131ca, uygun finansman \u00e7\u00f6z\u00fcmleri ve yat\u0131r\u0131m te\u015fvikleri hakk\u0131nda dan\u0131\u015fmanl\u0131k yaparak, projenizin mali y\u00fck\u00fcn\u00fc hafifletmeyi ama\u00e7lar.<\/p>\t\t\t\t\t\t\t\t<\/div>\n\t\t\t\t<\/div>\n\t\t\t\t<\/div>\n\t\t\t\t\t<\/div>\n\t\t\t\t<\/div>\n\t\t<div class=\"elementor-element elementor-element-89293fc e-flex e-con-boxed e-con e-parent\" data-id=\"89293fc\" data-element_type=\"container\">\n\t\t\t\t\t<div class=\"e-con-inner\">\n\t\t<div class=\"elementor-element elementor-element-721b09b e-con-full e-flex e-con e-child\" data-id=\"721b09b\" data-element_type=\"container\">\n\t\t\t\t<div class=\"elementor-element elementor-element-3abb7ab elementor-widget elementor-widget-image\" data-id=\"3abb7ab\" data-element_type=\"widget\" data-widget_type=\"image.default\">\n\t\t\t\t<div class=\"elementor-widget-container\">\n\t\t\t\t\t\t\t\t\t\t\t\t\t\t\t<img decoding=\"async\" width=\"1024\" height=\"500\" src=\"https:\/\/kgamuhendislik.com\/wp-content\/uploads\/2025\/03\/uygulama-projesi-ve-kesin-proje-arasindaki-farklar-5d381b65bb0e8.png\" class=\"attachment-large size-large wp-image-646\" alt=\"\" srcset=\"https:\/\/kgamuhendislik.com\/wp-content\/uploads\/2025\/03\/uygulama-projesi-ve-kesin-proje-arasindaki-farklar-5d381b65bb0e8.png 1024w, https:\/\/kgamuhendislik.com\/wp-content\/uploads\/2025\/03\/uygulama-projesi-ve-kesin-proje-arasindaki-farklar-5d381b65bb0e8-300x146.png 300w, https:\/\/kgamuhendislik.com\/wp-content\/uploads\/2025\/03\/uygulama-projesi-ve-kesin-proje-arasindaki-farklar-5d381b65bb0e8-768x375.png 768w, https:\/\/kgamuhendislik.com\/wp-content\/uploads\/2025\/03\/uygulama-projesi-ve-kesin-proje-arasindaki-farklar-5d381b65bb0e8-24x12.png 24w, https:\/\/kgamuhendislik.com\/wp-content\/uploads\/2025\/03\/uygulama-projesi-ve-kesin-proje-arasindaki-farklar-5d381b65bb0e8-36x18.png 36w, https:\/\/kgamuhendislik.com\/wp-content\/uploads\/2025\/03\/uygulama-projesi-ve-kesin-proje-arasindaki-farklar-5d381b65bb0e8-48x23.png 48w, https:\/\/kgamuhendislik.com\/wp-content\/uploads\/2025\/03\/uygulama-projesi-ve-kesin-proje-arasindaki-farklar-5d381b65bb0e8-600x293.png 600w\" sizes=\"(max-width: 1024px) 100vw, 1024px\" \/>\t\t\t\t\t\t\t\t\t\t\t\t\t\t\t<\/div>\n\t\t\t\t<\/div>\n\t\t\t\t<\/div>\n\t\t<div class=\"elementor-element elementor-element-04020df e-con-full e-flex e-con e-child\" data-id=\"04020df\" data-element_type=\"container\">\n\t\t\t\t<div class=\"elementor-element elementor-element-1fc6541 elementor-widget elementor-widget-heading\" data-id=\"1fc6541\" data-element_type=\"widget\" data-widget_type=\"heading.default\">\n\t\t\t\t<div class=\"elementor-widget-container\">\n\t\t\t\t\t<h2 class=\"elementor-heading-title elementor-size-default\">Uygulama ve Entegrasyon<\/h2>\t\t\t\t<\/div>\n\t\t\t\t<\/div>\n\t\t\t\t<div class=\"elementor-element elementor-element-8fd2bda elementor-widget elementor-widget-text-editor\" data-id=\"8fd2bda\" data-element_type=\"widget\" data-widget_type=\"text-editor.default\">\n\t\t\t\t<div class=\"elementor-widget-container\">\n\t\t\t\t\t\t\t\t\t<p>Projelerin uygulama a\u015famas\u0131, planlar\u0131n pratikte hayata ge\u00e7irildi\u011fi kritik bir d\u00f6nemdir. KGA Solar ve Enerji, projenizin sorunsuz bir \u015fekilde uygulanmas\u0131 i\u00e7in gerekli t\u00fcm teknik deste\u011fi ve y\u00f6netimi sa\u011flar. Yenilenebilir enerji sistemlerinin entegrasyonu konusunda uzman ekibimiz, y\u00fcksek standartlarda ve zaman\u0131nda teslimat\u0131 garanti eder.<\/p>\t\t\t\t\t\t\t\t<\/div>\n\t\t\t\t<\/div>\n\t\t\t\t<\/div>\n\t\t\t\t\t<\/div>\n\t\t\t\t<\/div>\n\t\t\t\t<\/div>\n\t\t","protected":false},"excerpt":{"rendered":"<p>Kapsaml\u0131 Proje Deste\u011fi ile Yenilenebilir Enerji \u00c7\u00f6z\u00fcmleri KGA Solar ve Enerji, yenilenebilir enerji projelerinizde ba\u015ftan sona kapsaml\u0131 destek sa\u011flayarak, s\u00fcrd\u00fcr\u00fclebilir ve verimli enerji \u00e7\u00f6z\u00fcmlerinin hayata ge\u00e7irilmesini kolayla\u015ft\u0131r\u0131r. Deneyimli ekibimiz, projenin her a\u015famas\u0131nda sizlere rehberlik eder ve yenilenebilir enerji yat\u0131r\u0131mlar\u0131n\u0131z\u0131n ba\u015far\u0131s\u0131n\u0131 maksimize eder. Proje Planlama ve Dan\u0131\u015fmanl\u0131k Hizmetleri Ba\u015far\u0131l\u0131 bir yenilenebilir enerji projesinin temeli, etkili bir [&hellip;]<\/p>\n","protected":false},"author":1,"featured_media":0,"parent":0,"menu_order":0,"comment_status":"closed","ping_status":"closed","template":"","meta":{"site-sidebar-layout":"no-sidebar","site-content-layout":"","ast-site-content-layout":"full-width-container","site-content-style":"default","site-sidebar-style":"default","ast-global-header-display":"","ast-banner-title-visibility":"","ast-main-header-display":"","ast-hfb-above-header-display":"","ast-hfb-below-header-display":"","ast-hfb-mobile-header-display":"","site-post-title":"disabled","ast-breadcrumbs-content":"","ast-featured-img":"disabled","footer-sml-layout":"","theme-transparent-header-meta":"","adv-header-id-meta":"","stick-header-meta":"","header-above-stick-meta":"","header-main-stick-meta":"","header-below-stick-meta":"","astra-migrate-meta-layouts":"default","ast-page-background-enabled":"default","ast-page-background-meta":{"desktop":{"background-color":"var(--ast-global-color-4)","background-image":"","background-repeat":"repeat","background-position":"center center","background-size":"auto","background-attachment":"scroll","background-type":"","background-media":"","overlay-type":"","overlay-color":"","overlay-opacity":"","overlay-gradient":""},"tablet":{"background-color":"","background-image":"","background-repeat":"repeat","background-position":"center center","background-size":"auto","background-attachment":"scroll","background-type":"","background-media":"","overlay-type":"","overlay-color":"","overlay-opacity":"","overlay-gradient":""},"mobile":{"background-color":"","background-image":"","background-repeat":"repeat","background-position":"center center","background-size":"auto","background-attachment":"scroll","background-type":"","background-media":"","overlay-type":"","overlay-color":"","overlay-opacity":"","overlay-gradient":""}},"ast-content-background-meta":{"desktop":{"background-color":"var(--ast-global-color-5)","background-image":"","background-repeat":"repeat","background-position":"center center","background-size":"auto","background-attachment":"scroll","background-type":"","background-media":"","overlay-type":"","overlay-color":"","overlay-opacity":"","overlay-gradient":""},"tablet":{"background-color":"var(--ast-global-color-5)","background-image":"","background-repeat":"repeat","background-position":"center center","background-size":"auto","background-attachment":"scroll","background-type":"","background-media":"","overlay-type":"","overlay-color":"","overlay-opacity":"","overlay-gradient":""},"mobile":{"background-color":"var(--ast-global-color-5)","background-image":"","background-repeat":"repeat","background-position":"center center","background-size":"auto","background-attachment":"scroll","background-type":"","background-media":"","overlay-type":"","overlay-color":"","overlay-opacity":"","overlay-gradient":""}},"footnotes":""},"class_list":["post-643","page","type-page","status-publish","hentry"],"_links":{"self":[{"href":"https:\/\/kgamuhendislik.com\/index.php?rest_route=\/wp\/v2\/pages\/643","targetHints":{"allow":["GET"]}}],"collection":[{"href":"https:\/\/kgamuhendislik.com\/index.php?rest_route=\/wp\/v2\/pages"}],"about":[{"href":"https:\/\/kgamuhendislik.com\/index.php?rest_route=\/wp\/v2\/types\/page"}],"author":[{"embeddable":true,"href":"https:\/\/kgamuhendislik.com\/index.php?rest_route=\/wp\/v2\/users\/1"}],"replies":[{"embeddable":true,"href":"https:\/\/kgamuhendislik.com\/index.php?rest_route=%2Fwp%2Fv2%2Fcomments&post=643"}],"version-history":[{"count":4,"href":"https:\/\/kgamuhendislik.com\/index.php?rest_route=\/wp\/v2\/pages\/643\/revisions"}],"predecessor-version":[{"id":649,"href":"https:\/\/kgamuhendislik.com\/index.php?rest_route=\/wp\/v2\/pages\/643\/revisions\/649"}],"wp:attachment":[{"href":"https:\/\/kgamuhendislik.com\/index.php?rest_route=%2Fwp%2Fv2%2Fmedia&parent=643"}],"curies":[{"name":"wp","href":"https:\/\/api.w.org\/{rel}","templated":true}]}}