{"id":635,"date":"2025-03-15T20:26:10","date_gmt":"2025-03-15T20:26:10","guid":{"rendered":"https:\/\/kgamuhendislik.com\/?page_id=635"},"modified":"2025-03-15T20:34:22","modified_gmt":"2025-03-15T20:34:22","slug":"sarj-istasyonu","status":"publish","type":"page","link":"https:\/\/kgamuhendislik.com\/?page_id=635","title":{"rendered":"\u015earj \u0130stasyonu"},"content":{"rendered":"\t\t<div data-elementor-type=\"wp-page\" data-elementor-id=\"635\" class=\"elementor elementor-635\">\n\t\t\t\t<div class=\"elementor-element elementor-element-3f72892 e-flex e-con-boxed e-con e-parent\" data-id=\"3f72892\" data-element_type=\"container\">\n\t\t\t\t\t<div class=\"e-con-inner\">\n\t\t<div class=\"elementor-element elementor-element-9691f0d e-con-full e-flex e-con e-child\" data-id=\"9691f0d\" data-element_type=\"container\">\n\t\t\t\t<div class=\"elementor-element elementor-element-af65354 elementor-widget elementor-widget-image\" data-id=\"af65354\" data-element_type=\"widget\" data-widget_type=\"image.default\">\n\t\t\t\t<div class=\"elementor-widget-container\">\n\t\t\t\t\t\t\t\t\t\t\t\t\t\t\t<img fetchpriority=\"high\" decoding=\"async\" width=\"1024\" height=\"576\" src=\"https:\/\/kgamuhendislik.com\/wp-content\/uploads\/2025\/03\/1-1024x576.jpg\" class=\"attachment-large size-large wp-image-637\" alt=\"\" srcset=\"https:\/\/kgamuhendislik.com\/wp-content\/uploads\/2025\/03\/1-1024x576.jpg 1024w, https:\/\/kgamuhendislik.com\/wp-content\/uploads\/2025\/03\/1-300x169.jpg 300w, https:\/\/kgamuhendislik.com\/wp-content\/uploads\/2025\/03\/1-768x432.jpg 768w, https:\/\/kgamuhendislik.com\/wp-content\/uploads\/2025\/03\/1-24x14.jpg 24w, https:\/\/kgamuhendislik.com\/wp-content\/uploads\/2025\/03\/1-36x20.jpg 36w, https:\/\/kgamuhendislik.com\/wp-content\/uploads\/2025\/03\/1-48x27.jpg 48w, https:\/\/kgamuhendislik.com\/wp-content\/uploads\/2025\/03\/1-600x338.jpg 600w, https:\/\/kgamuhendislik.com\/wp-content\/uploads\/2025\/03\/1.jpg 1480w\" sizes=\"(max-width: 1024px) 100vw, 1024px\" \/>\t\t\t\t\t\t\t\t\t\t\t\t\t\t\t<\/div>\n\t\t\t\t<\/div>\n\t\t\t\t<\/div>\n\t\t<div class=\"elementor-element elementor-element-cb27a2c e-con-full e-flex e-con e-child\" data-id=\"cb27a2c\" data-element_type=\"container\">\n\t\t<div class=\"elementor-element elementor-element-fc5f694 e-con-full e-flex e-con e-child\" data-id=\"fc5f694\" data-element_type=\"container\">\n\t\t\t\t<div class=\"elementor-element elementor-element-6d6a65c elementor-widget elementor-widget-heading\" data-id=\"6d6a65c\" data-element_type=\"widget\" data-widget_type=\"heading.default\">\n\t\t\t\t<div class=\"elementor-widget-container\">\n\t\t\t\t\t<h2 class=\"elementor-heading-title elementor-size-default\">Elektrikli Ara\u00e7lar \u0130\u00e7in \u015earj \u0130stasyonu \u00c7\u00f6z\u00fcmleri<\/h2>\t\t\t\t<\/div>\n\t\t\t\t<\/div>\n\t\t\t\t<\/div>\n\t\t<div class=\"elementor-element elementor-element-28f2e63 e-con-full e-flex e-con e-child\" data-id=\"28f2e63\" data-element_type=\"container\">\n\t\t\t\t<div class=\"elementor-element elementor-element-d5c205a elementor-widget elementor-widget-text-editor\" data-id=\"d5c205a\" data-element_type=\"widget\" data-widget_type=\"text-editor.default\">\n\t\t\t\t<div class=\"elementor-widget-container\">\n\t\t\t\t\t\t\t\t\t<p>Elektrikli ara\u00e7lar\u0131n (EV) pop\u00fclerli\u011fi artt\u0131k\u00e7a, g\u00fcvenilir ve eri\u015filebilir \u015farj altyap\u0131s\u0131n\u0131n \u00f6nemi de bir o kadar artmaktad\u0131r. KGA Solar ve Enerji olarak, elektrikli ara\u00e7 sahiplerine y\u00f6nelik kapsaml\u0131 \u015farj istasyonu \u00e7\u00f6z\u00fcmleri sunuyoruz. Bu hizmetlerimiz, kullan\u0131c\u0131lar\u0131n ihtiya\u00e7 duyduklar\u0131 her yerde ara\u00e7lar\u0131n\u0131 h\u0131zl\u0131 ve g\u00fcvenli bir \u015fekilde \u015farj etmelerini sa\u011flamak i\u00e7in tasarlanm\u0131\u015ft\u0131r.<\/p>\t\t\t\t\t\t\t\t<\/div>\n\t\t\t\t<\/div>\n\t\t\t\t<\/div>\n\t\t\t\t<\/div>\n\t\t\t\t\t<\/div>\n\t\t\t\t<\/div>\n\t\t<div class=\"elementor-element elementor-element-998eb7c e-flex e-con-boxed e-con e-parent\" data-id=\"998eb7c\" data-element_type=\"container\">\n\t\t\t\t\t<div class=\"e-con-inner\">\n\t\t<div class=\"elementor-element elementor-element-3395535 e-con-full e-flex e-con e-child\" data-id=\"3395535\" data-element_type=\"container\">\n\t\t\t\t<div class=\"elementor-element elementor-element-5b5f5aa elementor-widget elementor-widget-heading\" data-id=\"5b5f5aa\" data-element_type=\"widget\" data-widget_type=\"heading.default\">\n\t\t\t\t<div class=\"elementor-widget-container\">\n\t\t\t\t\t<h2 class=\"elementor-heading-title elementor-size-default\">AC \u015eARJ \u0130STASYONLARI (7,11 ve 22 kW)<\/h2>\t\t\t\t<\/div>\n\t\t\t\t<\/div>\n\t\t\t\t<div class=\"elementor-element elementor-element-df5c4f4 elementor-widget elementor-widget-text-editor\" data-id=\"df5c4f4\" data-element_type=\"widget\" data-widget_type=\"text-editor.default\">\n\t\t\t\t<div class=\"elementor-widget-container\">\n\t\t\t\t\t\t\t\t\t<p>AC \u015farj istasyonu, elektrikli ara\u00e7lar\u0131n (EV) bataryalar\u0131n\u0131 \u015farj etmek i\u00e7in kullan\u0131lan bir t\u00fcr \u015farj altyap\u0131s\u0131d\u0131r. &#8220;AC&#8221; terimi, alternatif ak\u0131m\u0131 ifade eder. Bu t\u00fcr istasyonlar, genellikle<br \/>evlerde ve k\u00fc\u00e7\u00fck ticari i\u015fletmelerde bulunur.<\/p><p>AC \u015farj istasyonlar\u0131, evlerde kullan\u0131lan standart elektrik prizleri ile ayn\u0131 tip AC elektrikle \u00e7al\u0131\u015f\u0131r. Elektrikli arac\u0131n \u015farj kablosu, bu istasyonun prizine tak\u0131l\u0131r ve arac\u0131n bataryas\u0131na elektrik aktar\u0131l\u0131r. Bu istasyonlar genellikle yava\u015f \u015farj sa\u011flarlar, bu nedenle genellikle ara\u00e7lar\u0131n uzun s\u00fcre park edildi\u011fi yerlerde kullan\u0131l\u0131rlar. AC \u015farj istasyonlar\u0131, DC h\u0131zl\u0131 \u015farj istasyonlar\u0131na k\u0131yasla daha uygun maliyetlidir ancak \u015farj s\u00fcresi \u00e7ok daha uzundur.<\/p><p>AC \u015farj istasyonlar\u0131 7kW (monofaze), 11 kW (trifaze), 22 kW (trifaze) olmak \u00fczere \u00fc\u00e7 \u00e7e\u015fittir.<\/p><p>AC \u015farj istasyonun g\u00fcc\u00fc art\u0131k\u00e7a arac\u0131 doldurma s\u00fcresi azal\u0131r. Ancak her marka ve model arac\u0131n AC \u015farj g\u00fcc\u00fc farkl\u0131 ve s\u0131n\u0131rl\u0131d\u0131r. Kulland\u0131\u011f\u0131n\u0131z arac\u0131n e\u011fer AC \u015farj g\u00fcc\u00fc 11 kWh ise ve siz 22 kW g\u00fcc\u00fcnde bir AC \u015farj istasyonu bile alsan\u0131z; arac\u0131n\u0131z 11 kWh ile \u015farj olacakt\u0131r. Bu nedenle \u015farj istasyonu tercihi yap\u0131l\u0131rken mutlaka arac\u0131n\u0131z\u0131n AC \u015farj h\u0131z\u0131 dikkate al\u0131nmal\u0131d\u0131r. \u015earj istasyonu tercihi yap\u0131lmadan \u00f6nce dikkat edilmesi gereken bir di\u011fer \u00f6nemli husus ise istasyonun ba\u011flanaca\u011f\u0131 elektrik altyap\u0131s\u0131 ve ba\u011flant\u0131 g\u00fcc\u00fcd\u00fcr. Kablo kesitleri ve sigortalar\u0131n d\u00fc\u015f\u00fck oldu\u011fu bir yere y\u00fcksek g\u00fc\u00e7te olan bir \u015farj istasyonu montaj\u0131 yapmak \u00e7ok riskli ve tehlikelidir. Bu nedenle kesinle \u015farj istasyonu montaj\u0131 yap\u0131lmadan \u00f6nce ke\u015fif yap\u0131lmal\u0131d\u0131r.<\/p>\t\t\t\t\t\t\t\t<\/div>\n\t\t\t\t<\/div>\n\t\t\t\t<\/div>\n\t\t<div class=\"elementor-element elementor-element-f4505cb e-con-full e-flex e-con e-child\" data-id=\"f4505cb\" data-element_type=\"container\">\n\t\t\t\t<div class=\"elementor-element elementor-element-5d3414d elementor-widget elementor-widget-image\" data-id=\"5d3414d\" data-element_type=\"widget\" data-widget_type=\"image.default\">\n\t\t\t\t<div class=\"elementor-widget-container\">\n\t\t\t\t\t\t\t\t\t\t\t\t\t\t\t<img decoding=\"async\" width=\"1000\" height=\"550\" src=\"https:\/\/kgamuhendislik.com\/wp-content\/uploads\/2025\/03\/45.jpg\" class=\"attachment-large size-large wp-image-638\" alt=\"\" srcset=\"https:\/\/kgamuhendislik.com\/wp-content\/uploads\/2025\/03\/45.jpg 1000w, https:\/\/kgamuhendislik.com\/wp-content\/uploads\/2025\/03\/45-300x165.jpg 300w, https:\/\/kgamuhendislik.com\/wp-content\/uploads\/2025\/03\/45-768x422.jpg 768w, https:\/\/kgamuhendislik.com\/wp-content\/uploads\/2025\/03\/45-24x13.jpg 24w, https:\/\/kgamuhendislik.com\/wp-content\/uploads\/2025\/03\/45-36x20.jpg 36w, https:\/\/kgamuhendislik.com\/wp-content\/uploads\/2025\/03\/45-48x26.jpg 48w, https:\/\/kgamuhendislik.com\/wp-content\/uploads\/2025\/03\/45-600x330.jpg 600w\" sizes=\"(max-width: 1000px) 100vw, 1000px\" \/>\t\t\t\t\t\t\t\t\t\t\t\t\t\t\t<\/div>\n\t\t\t\t<\/div>\n\t\t\t\t<\/div>\n\t\t\t\t\t<\/div>\n\t\t\t\t<\/div>\n\t\t<div class=\"elementor-element elementor-element-01d3041 e-flex e-con-boxed e-con e-parent\" data-id=\"01d3041\" data-element_type=\"container\">\n\t\t\t\t\t<div class=\"e-con-inner\">\n\t\t<div class=\"elementor-element elementor-element-e8e1a54 e-con-full e-flex e-con e-child\" data-id=\"e8e1a54\" data-element_type=\"container\">\n\t\t\t\t<div class=\"elementor-element elementor-element-7d60d08 elementor-widget elementor-widget-image\" data-id=\"7d60d08\" data-element_type=\"widget\" data-widget_type=\"image.default\">\n\t\t\t\t<div class=\"elementor-widget-container\">\n\t\t\t\t\t\t\t\t\t\t\t\t\t\t\t<img decoding=\"async\" width=\"1024\" height=\"576\" src=\"https:\/\/kgamuhendislik.com\/wp-content\/uploads\/2025\/03\/50-1024x576.jpg\" class=\"attachment-large size-large wp-image-639\" alt=\"\" srcset=\"https:\/\/kgamuhendislik.com\/wp-content\/uploads\/2025\/03\/50-1024x576.jpg 1024w, https:\/\/kgamuhendislik.com\/wp-content\/uploads\/2025\/03\/50-300x169.jpg 300w, https:\/\/kgamuhendislik.com\/wp-content\/uploads\/2025\/03\/50-768x432.jpg 768w, https:\/\/kgamuhendislik.com\/wp-content\/uploads\/2025\/03\/50-24x14.jpg 24w, https:\/\/kgamuhendislik.com\/wp-content\/uploads\/2025\/03\/50-36x20.jpg 36w, https:\/\/kgamuhendislik.com\/wp-content\/uploads\/2025\/03\/50-48x27.jpg 48w, https:\/\/kgamuhendislik.com\/wp-content\/uploads\/2025\/03\/50-600x338.jpg 600w, https:\/\/kgamuhendislik.com\/wp-content\/uploads\/2025\/03\/50.jpg 1280w\" sizes=\"(max-width: 1024px) 100vw, 1024px\" \/>\t\t\t\t\t\t\t\t\t\t\t\t\t\t\t<\/div>\n\t\t\t\t<\/div>\n\t\t\t\t<\/div>\n\t\t<div class=\"elementor-element elementor-element-e5e18c1 e-con-full e-flex e-con e-child\" data-id=\"e5e18c1\" data-element_type=\"container\">\n\t\t<div class=\"elementor-element elementor-element-7688f6f e-con-full e-flex e-con e-child\" data-id=\"7688f6f\" data-element_type=\"container\">\n\t\t\t\t<div class=\"elementor-element elementor-element-31ebcad elementor-widget elementor-widget-heading\" data-id=\"31ebcad\" data-element_type=\"widget\" data-widget_type=\"heading.default\">\n\t\t\t\t<div class=\"elementor-widget-container\">\n\t\t\t\t\t<h2 class=\"elementor-heading-title elementor-size-default\">DC \u015eARJ \u0130STASYONLARI (30 kW -800 KW)<\/h2>\t\t\t\t<\/div>\n\t\t\t\t<\/div>\n\t\t\t\t<\/div>\n\t\t<div class=\"elementor-element elementor-element-d43efc8 e-con-full e-flex e-con e-child\" data-id=\"d43efc8\" data-element_type=\"container\">\n\t\t\t\t<div class=\"elementor-element elementor-element-90eacaa elementor-widget elementor-widget-text-editor\" data-id=\"90eacaa\" data-element_type=\"widget\" data-widget_type=\"text-editor.default\">\n\t\t\t\t<div class=\"elementor-widget-container\">\n\t\t\t\t\t\t\t\t\t<p>DC \u015farj istasyonu, do\u011frudan ak\u0131m (DC)<br \/>kullanarak elektrikli ara\u00e7lar\u0131n ak\u00fclerini h\u0131zl\u0131 bir \u015fekilde \u015farj etmek i\u00e7in kullan\u0131lan bir t\u00fcr \u015farj altyap\u0131s\u0131d\u0131r. Bu t\u00fcr \u015farj istasyonlar\u0131, genellikle elektrikli ara\u00e7lar\u0131n ak\u00fclerini daha h\u0131zl\u0131 doldurmak i\u00e7in kullan\u0131l\u0131r ve genellikle uzun mesafe yolculuklar\u0131 s\u0131ras\u0131nda tercih edilir.<br \/><br \/>DC \u015farj istasyonlar\u0131n\u0131n ana \u00f6zellikleri \u015funlard\u0131r:<br \/><br \/><strong>H\u0131zl\u0131 \u015earj:<\/strong>\u00a0DC \u015farj istasyonlar\u0131, AC (alternatif ak\u0131m) \u015farj istasyonlar\u0131na k\u0131yasla \u00e7ok daha h\u0131zl\u0131 \u015farj sa\u011flarlar. Elektrikli arac\u0131n ak\u00fcs\u00fcn\u00fc genellikle k\u0131sa bir s\u00fcrede, birka\u00e7 dakika ile yar\u0131m saat aras\u0131nda \u015farj edebilirler.<br \/><strong>Y\u00fcksek G\u00fc\u00e7:<\/strong>\u00a0DC \u015farj istasyonlar\u0131 genellikle y\u00fcksek g\u00fc\u00e7 seviyelerinde \u00e7al\u0131\u015f\u0131rlar, bu da daha h\u0131zl\u0131 \u015farj etmelerini sa\u011flar. Bu istasyonlar, genellikle 30 kW&#8217;den ba\u015flayarak 800 kW veya daha y\u00fcksek g\u00fc\u00e7 seviyelerine sahip olabilirler.<br \/><strong>Teknolojik \u00d6zellikler:<\/strong>\u00a0DC \u015farj istasyonlar\u0131, ak\u0131ll\u0131 \u015farj \u00f6zelliklerine sahip olabilirler. Uzaktan eri\u015fim, otomatik \u00f6deme sistemleri ve \u015farj durumu izleme gibi \u00f6zellikler, kullan\u0131c\u0131lar\u0131n \u015farj s\u00fcrecini daha kolay ve verimli hale getirebilir.<br \/><strong>Ticari ve Halka A\u00e7\u0131k Kullan\u0131m:<\/strong>\u00a0DC \u015farj istasyonlar\u0131 genellikle otoyol istasyonlar\u0131, al\u0131\u015fveri\u015f merkezleri, oteller ve benzeri ticari veya halka a\u00e7\u0131k alanlarda bulunur. Bu, elektrikli ara\u00e7 sahiplerinin uzun mesafe seyahatler s\u0131ras\u0131nda h\u0131zl\u0131 ve kolay bir \u015fekilde \u015farj yapmalar\u0131n\u0131 sa\u011flar.<br \/><br \/>DC \u015farj istasyonlar\u0131, elektrikli ara\u00e7lar\u0131n kullan\u0131m\u0131n\u0131 daha pratik ve \u00e7ekici hale getiren \u00f6nemli bir altyap\u0131d\u0131r. Bu istasyonlar, elektrikli ara\u00e7lar\u0131n g\u00fcnl\u00fck kullan\u0131m\u0131ndan uzun mesafe yolculuklar\u0131na kadar geni\u015f bir kullan\u0131m yelpazesini destekler.<\/p>\t\t\t\t\t\t\t\t<\/div>\n\t\t\t\t<\/div>\n\t\t\t\t<\/div>\n\t\t\t\t<\/div>\n\t\t\t\t\t<\/div>\n\t\t\t\t<\/div>\n\t\t\t\t<\/div>\n\t\t","protected":false},"excerpt":{"rendered":"<p>Elektrikli Ara\u00e7lar \u0130\u00e7in \u015earj \u0130stasyonu \u00c7\u00f6z\u00fcmleri Elektrikli ara\u00e7lar\u0131n (EV) pop\u00fclerli\u011fi artt\u0131k\u00e7a, g\u00fcvenilir ve eri\u015filebilir \u015farj altyap\u0131s\u0131n\u0131n \u00f6nemi de bir o kadar artmaktad\u0131r. KGA Solar ve Enerji olarak, elektrikli ara\u00e7 sahiplerine y\u00f6nelik kapsaml\u0131 \u015farj istasyonu \u00e7\u00f6z\u00fcmleri sunuyoruz. Bu hizmetlerimiz, kullan\u0131c\u0131lar\u0131n ihtiya\u00e7 duyduklar\u0131 her yerde ara\u00e7lar\u0131n\u0131 h\u0131zl\u0131 ve g\u00fcvenli bir \u015fekilde \u015farj etmelerini sa\u011flamak i\u00e7in tasarlanm\u0131\u015ft\u0131r. AC [&hellip;]<\/p>\n","protected":false},"author":1,"featured_media":0,"parent":0,"menu_order":0,"comment_status":"closed","ping_status":"closed","template":"","meta":{"site-sidebar-layout":"no-sidebar","site-content-layout":"","ast-site-content-layout":"full-width-container","site-content-style":"default","site-sidebar-style":"default","ast-global-header-display":"","ast-banner-title-visibility":"","ast-main-header-display":"","ast-hfb-above-header-display":"","ast-hfb-below-header-display":"","ast-hfb-mobile-header-display":"","site-post-title":"disabled","ast-breadcrumbs-content":"","ast-featured-img":"disabled","footer-sml-layout":"","theme-transparent-header-meta":"","adv-header-id-meta":"","stick-header-meta":"","header-above-stick-meta":"","header-main-stick-meta":"","header-below-stick-meta":"","astra-migrate-meta-layouts":"default","ast-page-background-enabled":"default","ast-page-background-meta":{"desktop":{"background-color":"var(--ast-global-color-4)","background-image":"","background-repeat":"repeat","background-position":"center center","background-size":"auto","background-attachment":"scroll","background-type":"","background-media":"","overlay-type":"","overlay-color":"","overlay-opacity":"","overlay-gradient":""},"tablet":{"background-color":"","background-image":"","background-repeat":"repeat","background-position":"center center","background-size":"auto","background-attachment":"scroll","background-type":"","background-media":"","overlay-type":"","overlay-color":"","overlay-opacity":"","overlay-gradient":""},"mobile":{"background-color":"","background-image":"","background-repeat":"repeat","background-position":"center center","background-size":"auto","background-attachment":"scroll","background-type":"","background-media":"","overlay-type":"","overlay-color":"","overlay-opacity":"","overlay-gradient":""}},"ast-content-background-meta":{"desktop":{"background-color":"var(--ast-global-color-5)","background-image":"","background-repeat":"repeat","background-position":"center center","background-size":"auto","background-attachment":"scroll","background-type":"","background-media":"","overlay-type":"","overlay-color":"","overlay-opacity":"","overlay-gradient":""},"tablet":{"background-color":"var(--ast-global-color-5)","background-image":"","background-repeat":"repeat","background-position":"center center","background-size":"auto","background-attachment":"scroll","background-type":"","background-media":"","overlay-type":"","overlay-color":"","overlay-opacity":"","overlay-gradient":""},"mobile":{"background-color":"var(--ast-global-color-5)","background-image":"","background-repeat":"repeat","background-position":"center center","background-size":"auto","background-attachment":"scroll","background-type":"","background-media":"","overlay-type":"","overlay-color":"","overlay-opacity":"","overlay-gradient":""}},"footnotes":""},"class_list":["post-635","page","type-page","status-publish","hentry"],"_links":{"self":[{"href":"https:\/\/kgamuhendislik.com\/index.php?rest_route=\/wp\/v2\/pages\/635","targetHints":{"allow":["GET"]}}],"collection":[{"href":"https:\/\/kgamuhendislik.com\/index.php?rest_route=\/wp\/v2\/pages"}],"about":[{"href":"https:\/\/kgamuhendislik.com\/index.php?rest_route=\/wp\/v2\/types\/page"}],"author":[{"embeddable":true,"href":"https:\/\/kgamuhendislik.com\/index.php?rest_route=\/wp\/v2\/users\/1"}],"replies":[{"embeddable":true,"href":"https:\/\/kgamuhendislik.com\/index.php?rest_route=%2Fwp%2Fv2%2Fcomments&post=635"}],"version-history":[{"count":4,"href":"https:\/\/kgamuhendislik.com\/index.php?rest_route=\/wp\/v2\/pages\/635\/revisions"}],"predecessor-version":[{"id":642,"href":"https:\/\/kgamuhendislik.com\/index.php?rest_route=\/wp\/v2\/pages\/635\/revisions\/642"}],"wp:attachment":[{"href":"https:\/\/kgamuhendislik.com\/index.php?rest_route=%2Fwp%2Fv2%2Fmedia&parent=635"}],"curies":[{"name":"wp","href":"https:\/\/api.w.org\/{rel}","templated":true}]}}